{"id":19,"date":"2018-10-13T14:42:21","date_gmt":"2018-10-13T12:42:21","guid":{"rendered":"http:\/\/kneipp-verein-bitz.de\/?page_id=19"},"modified":"2020-11-30T15:06:05","modified_gmt":"2020-11-30T14:06:05","slug":"kneipp","status":"publish","type":"page","link":"https:\/\/kneipp-verein-bitz.de\/?page_id=19","title":{"rendered":"Kneipp"},"content":{"rendered":"\t\t<div data-elementor-type=\"wp-post\" data-elementor-id=\"19\" class=\"elementor elementor-19 elementor-bc-flex-widget\">\n\t\t\t\t\t\t\t\t\t<section class=\"elementor-section elementor-top-section elementor-element elementor-element-a52cea9 elementor-section-boxed elementor-section-height-default elementor-section-height-default\" data-id=\"a52cea9\" data-element_type=\"section\">\n\t\t\t\t\t\t<div class=\"elementor-container elementor-column-gap-default\">\n\t\t\t\t\t<div class=\"elementor-column elementor-col-100 elementor-top-column elementor-element elementor-element-c43eb5d\" data-id=\"c43eb5d\" data-element_type=\"column\">\n\t\t\t<div class=\"elementor-widget-wrap elementor-element-populated\">\n\t\t\t\t\t\t\t\t<div class=\"elementor-element elementor-element-f6f2ac2 elementor-widget elementor-widget-heading\" data-id=\"f6f2ac2\" data-element_type=\"widget\" data-widget_type=\"heading.default\">\n\t\t\t\t<div class=\"elementor-widget-container\">\n\t\t\t<h2 class=\"elementor-heading-title elementor-size-default\">Pfarrer Sebastian Kneipp (1821-1897)<\/h2>\t\t<\/div>\n\t\t\t\t<\/div>\n\t\t\t\t\t<\/div>\n\t\t<\/div>\n\t\t\t\t\t\t\t<\/div>\n\t\t<\/section>\n\t\t\t\t<section class=\"elementor-section elementor-top-section elementor-element elementor-element-c024aad elementor-section-boxed elementor-section-height-default elementor-section-height-default\" data-id=\"c024aad\" data-element_type=\"section\">\n\t\t\t\t\t\t<div class=\"elementor-container elementor-column-gap-default\">\n\t\t\t\t\t<div class=\"elementor-column elementor-col-50 elementor-top-column elementor-element elementor-element-697ccc9\" data-id=\"697ccc9\" data-element_type=\"column\">\n\t\t\t<div class=\"elementor-widget-wrap elementor-element-populated\">\n\t\t\t\t\t\t\t\t\t<\/div>\n\t\t<\/div>\n\t\t\t\t<div class=\"elementor-column elementor-col-50 elementor-top-column elementor-element elementor-element-36fb7fd\" data-id=\"36fb7fd\" data-element_type=\"column\">\n\t\t\t<div class=\"elementor-widget-wrap elementor-element-populated\">\n\t\t\t\t\t\t\t\t\t<\/div>\n\t\t<\/div>\n\t\t\t\t\t\t\t<\/div>\n\t\t<\/section>\n\t\t\t\t<section class=\"elementor-section elementor-top-section elementor-element elementor-element-7964b09 elementor-section-boxed elementor-section-height-default elementor-section-height-default\" data-id=\"7964b09\" data-element_type=\"section\">\n\t\t\t\t\t\t<div class=\"elementor-container elementor-column-gap-default\">\n\t\t\t\t\t<div class=\"elementor-column elementor-col-100 elementor-top-column elementor-element elementor-element-1dfbc08\" data-id=\"1dfbc08\" data-element_type=\"column\">\n\t\t\t<div class=\"elementor-widget-wrap elementor-element-populated\">\n\t\t\t\t\t\t\t\t<div class=\"elementor-element elementor-element-54190fe elementor-widget elementor-widget-text-editor\" data-id=\"54190fe\" data-element_type=\"widget\" data-widget_type=\"text-editor.default\">\n\t\t\t\t<div class=\"elementor-widget-container\">\n\t\t\t\t\t\t\t<p><span style=\"color: #000080;\"><strong>Sebastian Kneipp<\/strong> (1821 bis 1897) tr\u00e4gt den Beinamen \u201eWasserdoktor\u201c, war aber in Wirklichkeit Pfarrer.<\/span><\/p><p>Am 17.Mai 1821 wurde Sebastian Kneipp in Stephansried (N\u00e4he Ottobeuren im Allg\u00e4u) als Sohn armer Weber geboren.<\/p><p>Er wu\u00dfte schon fr\u00fch, da\u00df er Priester werden wollte. Da seine Eltern wenig Geld hatten, war an eine entsprechende Schulbildung nicht zu denken. Der junge Sebastian mu\u00dfte vielmehr mithelfen, den Lebensunterhalt der Familie zu verdienen.<\/p><p>Trotz aller Widrigkeiten, z.B. der Brand des Elternhauses, bei dem er alle seine Ersparnisse verlor, gelang es ihm, im Alter von 23 Jahren auf das Gymnasium zu gehen und das Abitur zu machen. Dann konnte er mit dem Theologiestudium beginnen. (M\u00fcnchen und Dillingen an der Donau).<\/p><p>Als er 1849 sehr schwer an Lungentuberkulose erkrankte, w\u00e4re sein Traum, Priester zu werden, beinahe doch noch zunichte gemacht worden, wenn er nicht ein kleines B\u00fcchlein mit dem Titel \u201e<em>Unterricht von Krafft und W\u00fcrckung des frischen Wassers\u2026<\/em>\u201c von Dr. Johann Siegmund Hahn in die H\u00e4nde bekommen h\u00e4tte. Darin fand er die Anleitung, wie er sich selbst kurieren k\u00f6nnte und fa\u00dfte neue Hoffnung. Mit B\u00e4dern in der eiskalten Donau wurde er mit der Zeit immer kr\u00e4ftiger und genas schlie\u00dflich ganz, was die \u00c4rzte verbl\u00fcfft und ungl\u00e4ubig best\u00e4tigen mu\u00dften.<\/p><p>1852 erhielt er im Augsburger Dom die Priesterweihe.<\/p><p>1855 kam er als Beichtvater der Dominikanerinnen nach W\u00f6rishofen.<\/p><p>Durch Mundpropaganda kamen die Menschen, um sich von ihm mit Wasser \u201ekurieren\u201c zu lassen, was er, wie alle seine Aufgaben, mit Geduld und Sorgfalt ausf\u00fchrte.<\/p><p>Immer mehr Menschen str\u00f6mten nach W\u00f6rishofen, der Ort wuchs und entwickelte sich zu einem bl\u00fchenden Badekurort.<\/p><p>Kneipp hatte aber nicht nur Freunde! Von manchen \u00c4rzten und Apothekern angefeindet, wurde er mehrmals der Kurpfuscherei angeklagt, was aber nicht gehalten werden konnte, da er von den Armen kein Geld nahm und die meisten Menschen, die Hilfe bei ihm suchten, bereits von den \u00c4rzten aufgegeben worden waren.<\/p><p>In seinem unerm\u00fcdlichen Eifer, den Menschen zu helfen, errichtete er 3 Stiftungen, schrieb mehrere B\u00fccher und reiste in ganz Deutschland umher, um seine Gesundheitslehre den Menschen in Vortr\u00e4gen zu vermitteln.<\/p><p>So reiste er sogar nach Rom und erhielt Audienz bei Papst Leo XIII, dem er ebenfalls Ratschl\u00e4ge zur guten Gesundheit erteilte. Das dankte dieser ihm mit dem Titel Monsignore und p\u00e4pstlicher Geheimk\u00e4mmerer.<\/p><p>Noch zu Kneipp\u00b4s Lebzeiten, 1890 wurde der erste (Central-)Kneipp-Verein in W\u00f6rishofen gegr\u00fcndet, aus dem sp\u00e4ter der Kneipp Bund entstand.<\/p><p>1894 erfolgte die Gr\u00fcndung des \u201eInternationalen Vereins der \u00c4rzte Kneipp`scher Richtung.\u201c<\/p><p>Am 17.Juni 1897 starb Kneipp nach einem entbehrungsreichen, arbeitsamen Leben hoch geachtet und \u00fcber die Grenzen Europas hinaus bekannt.<\/p>\t\t\t\t\t\t<\/div>\n\t\t\t\t<\/div>\n\t\t\t\t\t<\/div>\n\t\t<\/div>\n\t\t\t\t\t\t\t<\/div>\n\t\t<\/section>\n\t\t\t\t<section class=\"elementor-section elementor-top-section elementor-element elementor-element-7dd31a1 elementor-section-boxed elementor-section-height-default elementor-section-height-default\" data-id=\"7dd31a1\" data-element_type=\"section\">\n\t\t\t\t\t\t<div class=\"elementor-container elementor-column-gap-default\">\n\t\t\t\t\t<div class=\"elementor-column elementor-col-100 elementor-top-column elementor-element elementor-element-39061bb\" data-id=\"39061bb\" data-element_type=\"column\">\n\t\t\t<div class=\"elementor-widget-wrap elementor-element-populated\">\n\t\t\t\t\t\t\t\t<div class=\"elementor-element elementor-element-ab3be3f elementor-widget elementor-widget-heading\" data-id=\"ab3be3f\" data-element_type=\"widget\" data-widget_type=\"heading.default\">\n\t\t\t\t<div class=\"elementor-widget-container\">\n\t\t\t<h2 class=\"elementor-heading-title elementor-size-default\">Die 5 Elemente - im Einklang mit K\u00f6rper,\nGeist und Seele\n<\/h2>\t\t<\/div>\n\t\t\t\t<\/div>\n\t\t\t\t\t<\/div>\n\t\t<\/div>\n\t\t\t\t\t\t\t<\/div>\n\t\t<\/section>\n\t\t\t\t<section class=\"elementor-section elementor-top-section elementor-element elementor-element-7b3cee6 elementor-section-boxed elementor-section-height-default elementor-section-height-default\" data-id=\"7b3cee6\" data-element_type=\"section\">\n\t\t\t\t\t\t<div class=\"elementor-container elementor-column-gap-default\">\n\t\t\t\t\t<div class=\"elementor-column elementor-col-100 elementor-top-column elementor-element elementor-element-27818d5\" data-id=\"27818d5\" data-element_type=\"column\">\n\t\t\t<div class=\"elementor-widget-wrap elementor-element-populated\">\n\t\t\t\t\t\t\t\t<div class=\"elementor-element elementor-element-7b4f033 elementor-widget elementor-widget-text-editor\" data-id=\"7b4f033\" data-element_type=\"widget\" data-widget_type=\"text-editor.default\">\n\t\t\t\t<div class=\"elementor-widget-container\">\n\t\t\t\t\t\t\t<p>Die Hydro- und Balneotherapie ist ein hoch entwickeltes, individuell auf die Bed\u00fcrfnisse des Einzelnen abgestimmtes Wasserheilverfahren. Das Wasser veranlasst durch thermische, chemische, mechanische oder hydroelektrische Reize den Organismus zu sinnvollen Reaktionen, die insgesamt zu positiven Regulationen aller K\u00f6rperfunktionen f\u00fchren. In der Pr\u00e4vention haben Kneippsche Wasseranwendungen ebenfalls ihren Platz. Je nach Befinden w\u00e4hlen Sie aus, was aktuell passt.<\/p><p>Eine ausgewogene und vielseitige Ern\u00e4hrungstherapie ber\u00fccksichtigt im Sinne einer naturgerechten Vollwert- oder Basiskost Vollkornerzeugnisse, Frischkostbeilagen, Milchprodukte, Vitamine, Mineralsalze, Fermente und Spurenelemente. Auf alle denaturierten Nahrungsmittel und auf Genussgifte sollte man verzichten. Die gesunde Kost ist Grundlage spezieller Ern\u00e4hrungsformen wie Krankendi\u00e4t, Reduktions- und Schonkost. Eine gesunde Kost bekommt Ihnen aber auch, wenn Sie nicht krank sind, und beeinflusst Ihre Leistungsf\u00e4higkeit im Alltag.<\/p><p>\u00a0 Die aktive und \u201epassive&#8220; Bewegungstherapie umfasst alles, was gut tut, bis hin zu\u00a0\u00a0\u00a0<\/p><p>\u00a0 Bewegungsb\u00e4dern und Massagen. Bewegung f\u00f6rdert nicht nur die Fitness, sondern auch die\u00a0\u00a0<\/p><p>\u00a0 Gelassenheit, und hebt die Stimmung. Sebastian Kneipp war ein engagierter Verfechter des Barfu\u00dfgehens. Er hielt wenig von Hektik und Stress, da beides auf Kosten der Gesundheit geht, und empfahl daher ma\u00dfvolle Bewegung an der frischen Luft. \u00dcbersetzt in die heutige Zeit, bedeutet dies Ausgleichssport: Wandern, Schwimmen, Radfahren, Reiten, Joggen, Walken, Golf, Tennis, Skilanglauf, Gymnastik und Vieles mehr &#8211; Sportarten, die Spa\u00df machen, die den Kreislauf auf Trab halten und die jeder ganz nach Neigung, Alter und Gesundheit w\u00e4hlen kann.<\/p><p>Die Pflanzen- oder Phytotherapie verwendet kritisch \u00fcberpr\u00fcfte Heilmittel auf pflanzlicher Basis. Viele Kneipp-Begeisterte lernen die Hausmittel sch\u00e4tzen, die Sebastian Kneipp empfohlen hat, und ersticken aufkommende Krankheiten sozusagen \u201eim Keime&#8220; &#8211; mithilfe der \u201eApotheke Natur&#8220;. F\u00fcr eine verantwortliche Selbstbehandlung eignen sich insbesondere die mild wirkenden Sorten, am besten aus der heimischen Umgebung. Ein bekannter Klassiker ist Kr\u00e4utertee aus Anis, K\u00fcmmel und Fenchel f\u00fcr die Milchbildung beim Stillen. Im Winter l\u00e4sst sich mit Linden- oder Holunderbl\u00fctentee bestens gegen Erk\u00e4ltungen vorbeugen, Arnika hilft gegen Zahnfleisch- oder Mandelentz\u00fcndungen und Rachenkatarrh, Fenchel beruhigt die Verdauung, L\u00f6wenzahn regt alle Dr\u00fcsen des K\u00f6rpers an, Ringelblume erleichtert die Wundheilung und Rosmarin st\u00e4rkt Genesende &#8211; dies sind nur ein paar Beispiele f\u00fcr die Vielfalt der Heilkr\u00e4uter.<\/p><p>\u00a0<\/p><p>Die Ordnungstherapie basiert auf den Prinzipien der Lebensordnung (griechisch: diaita), jenen Anweisungen zur Gestaltung aller Lebensbereiche, die zur Erhaltung oder Wiederherstellung von Gesundheit notwendig sind und die seit der Antike einen festen Bestandteil von Gesundheitslehren und nat\u00fcrlichen Heilweisen darstellen. Wird Gesundheit als die stets neu herzustellende Ausgewogenheit zwischen den gesund erhaltenden Kr\u00e4ften im Menschen auf der einen und den belastenden Anforderungen der Umgebung auf der anderen Seite verstanden, dann zielt Ordnungstherapie darauf ab, diese Balance zu erhalten oder wiederherzustellen.<\/p>\t\t\t\t\t\t<\/div>\n\t\t\t\t<\/div>\n\t\t\t\t\t<\/div>\n\t\t<\/div>\n\t\t\t\t\t\t\t<\/div>\n\t\t<\/section>\n\t\t\t\t\t\t\t<\/div>\n\t\t","protected":false},"excerpt":{"rendered":"<p>Pfarrer Sebastian Kneipp (1821-1897) Sebastian Kneipp (1821 bis 1897) tr\u00e4gt den Beinamen \u201eWasserdoktor\u201c, war aber in Wirklichkeit Pfarrer. Am 17.Mai 1821 wurde Sebastian Kneipp in Stephansried (N\u00e4he Ottobeuren im Allg\u00e4u) als Sohn armer Weber geboren. Er wu\u00dfte schon fr\u00fch, da\u00df er Priester werden wollte. Da seine Eltern wenig Geld hatten,&#8230;<\/p>\n<p> <a class=\"continue-reading-link\" href=\"https:\/\/kneipp-verein-bitz.de\/?page_id=19\"><span>Continue reading<\/span><i class=\"crycon-right-dir\"><\/i><\/a> <\/p>\n","protected":false},"author":1,"featured_media":0,"parent":0,"menu_order":0,"comment_status":"closed","ping_status":"closed","template":"","meta":{"footnotes":""},"_links":{"self":[{"href":"https:\/\/kneipp-verein-bitz.de\/index.php?rest_route=\/wp\/v2\/pages\/19"}],"collection":[{"href":"https:\/\/kneipp-verein-bitz.de\/index.php?rest_route=\/wp\/v2\/pages"}],"about":[{"href":"https:\/\/kneipp-verein-bitz.de\/index.php?rest_route=\/wp\/v2\/types\/page"}],"author":[{"embeddable":true,"href":"https:\/\/kneipp-verein-bitz.de\/index.php?rest_route=\/wp\/v2\/users\/1"}],"replies":[{"embeddable":true,"href":"https:\/\/kneipp-verein-bitz.de\/index.php?rest_route=%2Fwp%2Fv2%2Fcomments&post=19"}],"version-history":[{"count":9,"href":"https:\/\/kneipp-verein-bitz.de\/index.php?rest_route=\/wp\/v2\/pages\/19\/revisions"}],"predecessor-version":[{"id":917,"href":"https:\/\/kneipp-verein-bitz.de\/index.php?rest_route=\/wp\/v2\/pages\/19\/revisions\/917"}],"wp:attachment":[{"href":"https:\/\/kneipp-verein-bitz.de\/index.php?rest_route=%2Fwp%2Fv2%2Fmedia&parent=19"}],"curies":[{"name":"wp","href":"https:\/\/api.w.org\/{rel}","templated":true}]}}