{"id":148,"date":"2018-10-25T21:14:47","date_gmt":"2018-10-25T19:14:47","guid":{"rendered":"https:\/\/kneipp-verein-bitz.de\/?page_id=148"},"modified":"2021-05-19T15:56:50","modified_gmt":"2021-05-19T13:56:50","slug":"lebendsordnungs-kurs","status":"publish","type":"page","link":"https:\/\/kneipp-verein-bitz.de\/?page_id=148","title":{"rendered":"Lebensordnung"},"content":{"rendered":"\t\t<div data-elementor-type=\"wp-post\" data-elementor-id=\"148\" class=\"elementor elementor-148\">\n\t\t\t\t\t\t\t\t\t<section class=\"elementor-section elementor-top-section elementor-element elementor-element-420d537 elementor-section-boxed elementor-section-height-default elementor-section-height-default\" data-id=\"420d537\" data-element_type=\"section\">\n\t\t\t\t\t\t<div class=\"elementor-container elementor-column-gap-default\">\n\t\t\t\t\t<div class=\"elementor-column elementor-col-100 elementor-top-column elementor-element elementor-element-64db968\" data-id=\"64db968\" data-element_type=\"column\">\n\t\t\t<div class=\"elementor-widget-wrap elementor-element-populated\">\n\t\t\t\t\t\t\t\t<div class=\"elementor-element elementor-element-e15eb29 elementor-widget elementor-widget-heading\" data-id=\"e15eb29\" data-element_type=\"widget\" data-widget_type=\"heading.default\">\n\t\t\t\t<div class=\"elementor-widget-container\">\n\t\t\t<h2 class=\"elementor-heading-title elementor-size-default\">Erlebnis Rundweg zum 200. Geburtstag vom Pfarrer Kneipp:<br><\/h2>\t\t<\/div>\n\t\t\t\t<\/div>\n\t\t\t\t\t<\/div>\n\t\t<\/div>\n\t\t\t\t\t\t\t<\/div>\n\t\t<\/section>\n\t\t\t\t<section class=\"elementor-section elementor-top-section elementor-element elementor-element-2ced404 elementor-section-boxed elementor-section-height-default elementor-section-height-default\" data-id=\"2ced404\" data-element_type=\"section\">\n\t\t\t\t\t\t<div class=\"elementor-container elementor-column-gap-default\">\n\t\t\t\t\t<div class=\"elementor-column elementor-col-100 elementor-top-column elementor-element elementor-element-f299a81\" data-id=\"f299a81\" data-element_type=\"column\">\n\t\t\t<div class=\"elementor-widget-wrap elementor-element-populated\">\n\t\t\t\t\t\t\t\t<div class=\"elementor-element elementor-element-afac42e elementor-widget elementor-widget-text-editor\" data-id=\"afac42e\" data-element_type=\"widget\" data-widget_type=\"text-editor.default\">\n\t\t\t\t<div class=\"elementor-widget-container\">\n\t\t\t\t\t\t\t<p><img fetchpriority=\"high\" decoding=\"async\" class=\"alignnone size-medium wp-image-970\" src=\"https:\/\/kneipp-verein-bitz.de\/wp-content\/uploads\/2021\/05\/IMG-20210517-WA0000-1-1-169x300.jpg\" alt=\"\" width=\"169\" height=\"300\" srcset=\"https:\/\/kneipp-verein-bitz.de\/wp-content\/uploads\/2021\/05\/IMG-20210517-WA0000-1-1-169x300.jpg 169w, https:\/\/kneipp-verein-bitz.de\/wp-content\/uploads\/2021\/05\/IMG-20210517-WA0000-1-1-576x1024.jpg 576w, https:\/\/kneipp-verein-bitz.de\/wp-content\/uploads\/2021\/05\/IMG-20210517-WA0000-1-1-768x1366.jpg 768w, https:\/\/kneipp-verein-bitz.de\/wp-content\/uploads\/2021\/05\/IMG-20210517-WA0000-1-1-864x1536.jpg 864w, https:\/\/kneipp-verein-bitz.de\/wp-content\/uploads\/2021\/05\/IMG-20210517-WA0000-1-1-84x150.jpg 84w, https:\/\/kneipp-verein-bitz.de\/wp-content\/uploads\/2021\/05\/IMG-20210517-WA0000-1-1.jpg 899w\" sizes=\"(max-width: 169px) 100vw, 169px\" \/>\u00a0 \u00a0<img decoding=\"async\" class=\"alignnone size-medium wp-image-953\" src=\"https:\/\/kneipp-verein-bitz.de\/wp-content\/uploads\/2021\/05\/DSC01507-300x225.jpg\" alt=\"\" width=\"300\" height=\"225\" srcset=\"https:\/\/kneipp-verein-bitz.de\/wp-content\/uploads\/2021\/05\/DSC01507-300x225.jpg 300w, https:\/\/kneipp-verein-bitz.de\/wp-content\/uploads\/2021\/05\/DSC01507-1024x768.jpg 1024w, https:\/\/kneipp-verein-bitz.de\/wp-content\/uploads\/2021\/05\/DSC01507-768x576.jpg 768w, https:\/\/kneipp-verein-bitz.de\/wp-content\/uploads\/2021\/05\/DSC01507-150x113.jpg 150w, https:\/\/kneipp-verein-bitz.de\/wp-content\/uploads\/2021\/05\/DSC01507.jpg 1440w\" sizes=\"(max-width: 300px) 100vw, 300px\" \/>\u00a0\u00a0<img decoding=\"async\" class=\"alignnone size-medium wp-image-965\" src=\"https:\/\/kneipp-verein-bitz.de\/wp-content\/uploads\/2021\/05\/DSC01508-2-300x225.jpg\" alt=\"\" width=\"300\" height=\"225\" srcset=\"https:\/\/kneipp-verein-bitz.de\/wp-content\/uploads\/2021\/05\/DSC01508-2-300x225.jpg 300w, https:\/\/kneipp-verein-bitz.de\/wp-content\/uploads\/2021\/05\/DSC01508-2-1024x768.jpg 1024w, https:\/\/kneipp-verein-bitz.de\/wp-content\/uploads\/2021\/05\/DSC01508-2-768x576.jpg 768w, https:\/\/kneipp-verein-bitz.de\/wp-content\/uploads\/2021\/05\/DSC01508-2-150x113.jpg 150w, https:\/\/kneipp-verein-bitz.de\/wp-content\/uploads\/2021\/05\/DSC01508-2.jpg 1440w\" sizes=\"(max-width: 300px) 100vw, 300px\" \/>\u00a0 \u00a0<img loading=\"lazy\" decoding=\"async\" class=\"alignnone size-medium wp-image-967\" src=\"https:\/\/kneipp-verein-bitz.de\/wp-content\/uploads\/2021\/05\/DSC01614-1-300x225.jpg\" alt=\"\" width=\"300\" height=\"225\" srcset=\"https:\/\/kneipp-verein-bitz.de\/wp-content\/uploads\/2021\/05\/DSC01614-1-300x225.jpg 300w, https:\/\/kneipp-verein-bitz.de\/wp-content\/uploads\/2021\/05\/DSC01614-1-1024x768.jpg 1024w, https:\/\/kneipp-verein-bitz.de\/wp-content\/uploads\/2021\/05\/DSC01614-1-768x576.jpg 768w, https:\/\/kneipp-verein-bitz.de\/wp-content\/uploads\/2021\/05\/DSC01614-1-150x113.jpg 150w, https:\/\/kneipp-verein-bitz.de\/wp-content\/uploads\/2021\/05\/DSC01614-1.jpg 1440w\" sizes=\"(max-width: 300px) 100vw, 300px\" \/>\u00a0 \u00a0<img loading=\"lazy\" decoding=\"async\" class=\"alignnone size-medium wp-image-968\" src=\"https:\/\/kneipp-verein-bitz.de\/wp-content\/uploads\/2021\/05\/IMG_20210515_160604-1-225x300.jpg\" alt=\"\" width=\"225\" height=\"300\" srcset=\"https:\/\/kneipp-verein-bitz.de\/wp-content\/uploads\/2021\/05\/IMG_20210515_160604-1-225x300.jpg 225w, https:\/\/kneipp-verein-bitz.de\/wp-content\/uploads\/2021\/05\/IMG_20210515_160604-1-768x1024.jpg 768w, https:\/\/kneipp-verein-bitz.de\/wp-content\/uploads\/2021\/05\/IMG_20210515_160604-1-1152x1536.jpg 1152w, https:\/\/kneipp-verein-bitz.de\/wp-content\/uploads\/2021\/05\/IMG_20210515_160604-1-113x150.jpg 113w, https:\/\/kneipp-verein-bitz.de\/wp-content\/uploads\/2021\/05\/IMG_20210515_160604-1.jpg 1200w\" sizes=\"(max-width: 225px) 100vw, 225px\" \/>\u00a0 \u00a0 \u00a0 \u00a0\u00a0<img loading=\"lazy\" decoding=\"async\" class=\"alignnone size-medium wp-image-969\" src=\"https:\/\/kneipp-verein-bitz.de\/wp-content\/uploads\/2021\/05\/IMG_20210516_082131-1-225x300.jpg\" alt=\"\" width=\"225\" height=\"300\" srcset=\"https:\/\/kneipp-verein-bitz.de\/wp-content\/uploads\/2021\/05\/IMG_20210516_082131-1-225x300.jpg 225w, https:\/\/kneipp-verein-bitz.de\/wp-content\/uploads\/2021\/05\/IMG_20210516_082131-1-768x1024.jpg 768w, https:\/\/kneipp-verein-bitz.de\/wp-content\/uploads\/2021\/05\/IMG_20210516_082131-1-1152x1536.jpg 1152w, https:\/\/kneipp-verein-bitz.de\/wp-content\/uploads\/2021\/05\/IMG_20210516_082131-1-113x150.jpg 113w, https:\/\/kneipp-verein-bitz.de\/wp-content\/uploads\/2021\/05\/IMG_20210516_082131-1.jpg 1200w\" sizes=\"(max-width: 225px) 100vw, 225px\" \/>\u00a0 \u00a0 \u00a0<img loading=\"lazy\" decoding=\"async\" class=\"alignnone size-medium wp-image-949\" src=\"https:\/\/kneipp-verein-bitz.de\/wp-content\/uploads\/2021\/05\/DSC01599-300x225.jpg\" alt=\"\" width=\"300\" height=\"225\" srcset=\"https:\/\/kneipp-verein-bitz.de\/wp-content\/uploads\/2021\/05\/DSC01599-300x225.jpg 300w, https:\/\/kneipp-verein-bitz.de\/wp-content\/uploads\/2021\/05\/DSC01599-1024x768.jpg 1024w, https:\/\/kneipp-verein-bitz.de\/wp-content\/uploads\/2021\/05\/DSC01599-768x576.jpg 768w, https:\/\/kneipp-verein-bitz.de\/wp-content\/uploads\/2021\/05\/DSC01599-150x113.jpg 150w, https:\/\/kneipp-verein-bitz.de\/wp-content\/uploads\/2021\/05\/DSC01599.jpg 1440w\" sizes=\"(max-width: 300px) 100vw, 300px\" \/>\u00a0 \u00a0<\/p><p>Am 24. November trafen sich ein paar bastel Begeisterte und zauberten wundersch\u00f6ne \u00fcberrascht wie sch\u00f6n und doch verschieden jede unsere Schl\u00fcsseln geworden ist. Im M\u00e4rz werden wir wieder ein Kreativ Angebot anbieten. Thema wird dann sein: bunter Mosaikmix auf Terrakotta Blument\u00f6pfen. (n\u00e4here Infos folgen zeitnah)\u00a0 \u00a0 \u00a0 \u00a0 \u00a0 \u00a0 \u00a0 \u00a0 \u00a0 \u00a0 \u00a0 \u00a0 \u00a0 \u00a0 \u00a0 \u00a0 \u00a0 \u00a0 \u00a0 \u00a0 \u00a0 \u00a0 \u00a0 \u00a0 \u00a0 \u00a0 \u00a0 \u00a0 \u00a0 \u00a0 \u00a0 \u00a0 \u00a0 \u00a0 \u00a0 \u00a0 \u00a0 \u00a0<\/p>\t\t\t\t\t\t<\/div>\n\t\t\t\t<\/div>\n\t\t\t\t<div class=\"elementor-element elementor-element-9f46d6d elementor-widget elementor-widget-text-editor\" data-id=\"9f46d6d\" data-element_type=\"widget\" data-widget_type=\"text-editor.default\">\n\t\t\t\t<div class=\"elementor-widget-container\">\n\t\t\t\t\t\t\t<p><img loading=\"lazy\" decoding=\"async\" class=\"alignnone size-medium wp-image-251\" src=\"https:\/\/kneipp-verein-bitz.de\/wp-content\/uploads\/2018\/12\/IMG-20181128-WA0025-169x300.jpg\" alt=\"\" width=\"169\" height=\"300\" srcset=\"https:\/\/kneipp-verein-bitz.de\/wp-content\/uploads\/2018\/12\/IMG-20181128-WA0025-169x300.jpg 169w, https:\/\/kneipp-verein-bitz.de\/wp-content\/uploads\/2018\/12\/IMG-20181128-WA0025-768x1365.jpg 768w, https:\/\/kneipp-verein-bitz.de\/wp-content\/uploads\/2018\/12\/IMG-20181128-WA0025-576x1024.jpg 576w, https:\/\/kneipp-verein-bitz.de\/wp-content\/uploads\/2018\/12\/IMG-20181128-WA0025-84x150.jpg 84w, https:\/\/kneipp-verein-bitz.de\/wp-content\/uploads\/2018\/12\/IMG-20181128-WA0025.jpg 900w\" sizes=\"(max-width: 169px) 100vw, 169px\" \/> \u00a0 \u00a0 \u00a0 \u00a0 \u00a0 <img loading=\"lazy\" decoding=\"async\" class=\"alignnone size-medium wp-image-250\" src=\"https:\/\/kneipp-verein-bitz.de\/wp-content\/uploads\/2018\/12\/IMG_20181128_173359-300x225.jpg\" alt=\"\" width=\"300\" height=\"225\" srcset=\"https:\/\/kneipp-verein-bitz.de\/wp-content\/uploads\/2018\/12\/IMG_20181128_173359-300x225.jpg 300w, https:\/\/kneipp-verein-bitz.de\/wp-content\/uploads\/2018\/12\/IMG_20181128_173359-768x576.jpg 768w, https:\/\/kneipp-verein-bitz.de\/wp-content\/uploads\/2018\/12\/IMG_20181128_173359-1024x768.jpg 1024w, https:\/\/kneipp-verein-bitz.de\/wp-content\/uploads\/2018\/12\/IMG_20181128_173359-150x113.jpg 150w\" sizes=\"(max-width: 300px) 100vw, 300px\" \/><\/p><p>\u00a0<\/p><p>Am 20. Januar fand unser erstes Jahresauftakts Brunch statt. Lecker war es:<\/p><p><img loading=\"lazy\" decoding=\"async\" class=\"alignnone size-medium wp-image-326 alignleft\" src=\"https:\/\/kneipp-verein-bitz.de\/wp-content\/uploads\/2019\/01\/IMG_20190120_123812-300x225.jpg\" alt=\"\" width=\"300\" height=\"225\" srcset=\"https:\/\/kneipp-verein-bitz.de\/wp-content\/uploads\/2019\/01\/IMG_20190120_123812-300x225.jpg 300w, https:\/\/kneipp-verein-bitz.de\/wp-content\/uploads\/2019\/01\/IMG_20190120_123812-768x576.jpg 768w, https:\/\/kneipp-verein-bitz.de\/wp-content\/uploads\/2019\/01\/IMG_20190120_123812-1024x768.jpg 1024w, https:\/\/kneipp-verein-bitz.de\/wp-content\/uploads\/2019\/01\/IMG_20190120_123812-150x113.jpg 150w\" sizes=\"(max-width: 300px) 100vw, 300px\" \/> <img loading=\"lazy\" decoding=\"async\" class=\"alignnone size-medium wp-image-327 alignleft\" src=\"https:\/\/kneipp-verein-bitz.de\/wp-content\/uploads\/2019\/01\/IMG_20190120_123836-300x225.jpg\" alt=\"\" width=\"300\" height=\"225\" srcset=\"https:\/\/kneipp-verein-bitz.de\/wp-content\/uploads\/2019\/01\/IMG_20190120_123836-300x225.jpg 300w, https:\/\/kneipp-verein-bitz.de\/wp-content\/uploads\/2019\/01\/IMG_20190120_123836-768x576.jpg 768w, https:\/\/kneipp-verein-bitz.de\/wp-content\/uploads\/2019\/01\/IMG_20190120_123836-1024x768.jpg 1024w, https:\/\/kneipp-verein-bitz.de\/wp-content\/uploads\/2019\/01\/IMG_20190120_123836-150x113.jpg 150w\" sizes=\"(max-width: 300px) 100vw, 300px\" \/> <img loading=\"lazy\" decoding=\"async\" class=\"alignnone size-medium wp-image-329 alignleft\" src=\"https:\/\/kneipp-verein-bitz.de\/wp-content\/uploads\/2019\/01\/IMG-20190120-WA0011-300x225.jpg\" alt=\"\" width=\"300\" height=\"225\" srcset=\"https:\/\/kneipp-verein-bitz.de\/wp-content\/uploads\/2019\/01\/IMG-20190120-WA0011-300x225.jpg 300w, https:\/\/kneipp-verein-bitz.de\/wp-content\/uploads\/2019\/01\/IMG-20190120-WA0011-768x576.jpg 768w, https:\/\/kneipp-verein-bitz.de\/wp-content\/uploads\/2019\/01\/IMG-20190120-WA0011-1024x768.jpg 1024w, https:\/\/kneipp-verein-bitz.de\/wp-content\/uploads\/2019\/01\/IMG-20190120-WA0011-150x113.jpg 150w, https:\/\/kneipp-verein-bitz.de\/wp-content\/uploads\/2019\/01\/IMG-20190120-WA0011.jpg 1600w\" sizes=\"(max-width: 300px) 100vw, 300px\" \/> <img loading=\"lazy\" decoding=\"async\" class=\"alignnone size-medium wp-image-330 alignleft\" src=\"https:\/\/kneipp-verein-bitz.de\/wp-content\/uploads\/2019\/01\/IMG-20190120-WA0012-300x225.jpg\" alt=\"\" width=\"300\" height=\"225\" srcset=\"https:\/\/kneipp-verein-bitz.de\/wp-content\/uploads\/2019\/01\/IMG-20190120-WA0012-300x225.jpg 300w, https:\/\/kneipp-verein-bitz.de\/wp-content\/uploads\/2019\/01\/IMG-20190120-WA0012-768x576.jpg 768w, https:\/\/kneipp-verein-bitz.de\/wp-content\/uploads\/2019\/01\/IMG-20190120-WA0012-1024x768.jpg 1024w, https:\/\/kneipp-verein-bitz.de\/wp-content\/uploads\/2019\/01\/IMG-20190120-WA0012-150x113.jpg 150w, https:\/\/kneipp-verein-bitz.de\/wp-content\/uploads\/2019\/01\/IMG-20190120-WA0012.jpg 1600w\" sizes=\"(max-width: 300px) 100vw, 300px\" \/> <img loading=\"lazy\" decoding=\"async\" class=\"alignnone size-medium wp-image-331 alignleft\" src=\"https:\/\/kneipp-verein-bitz.de\/wp-content\/uploads\/2019\/01\/IMG-20190120-WA0015-300x225.jpg\" alt=\"\" width=\"300\" height=\"225\" \/><\/p><p>\u00a0<\/p><p>\u00a0<\/p>\t\t\t\t\t\t<\/div>\n\t\t\t\t<\/div>\n\t\t\t\t\t<\/div>\n\t\t<\/div>\n\t\t\t\t\t\t\t<\/div>\n\t\t<\/section>\n\t\t\t\t\t\t\t<\/div>\n\t\t","protected":false},"excerpt":{"rendered":"<p>Erlebnis Rundweg zum 200. Geburtstag vom Pfarrer Kneipp: \u00a0 \u00a0\u00a0\u00a0\u00a0 \u00a0\u00a0 \u00a0\u00a0 \u00a0 \u00a0 \u00a0\u00a0\u00a0 \u00a0 \u00a0\u00a0 \u00a0 Am 24. November trafen sich ein paar bastel Begeisterte und zauberten wundersch\u00f6ne \u00fcberrascht wie sch\u00f6n und doch verschieden jede unsere Schl\u00fcsseln geworden ist. Im M\u00e4rz werden wir wieder ein Kreativ Angebot anbieten&#8230;.<\/p>\n<p> <a class=\"continue-reading-link\" href=\"https:\/\/kneipp-verein-bitz.de\/?page_id=148\"><span>Continue reading<\/span><i class=\"crycon-right-dir\"><\/i><\/a> <\/p>\n","protected":false},"author":1,"featured_media":0,"parent":0,"menu_order":0,"comment_status":"closed","ping_status":"closed","template":"","meta":{"footnotes":""},"_links":{"self":[{"href":"https:\/\/kneipp-verein-bitz.de\/index.php?rest_route=\/wp\/v2\/pages\/148"}],"collection":[{"href":"https:\/\/kneipp-verein-bitz.de\/index.php?rest_route=\/wp\/v2\/pages"}],"about":[{"href":"https:\/\/kneipp-verein-bitz.de\/index.php?rest_route=\/wp\/v2\/types\/page"}],"author":[{"embeddable":true,"href":"https:\/\/kneipp-verein-bitz.de\/index.php?rest_route=\/wp\/v2\/users\/1"}],"replies":[{"embeddable":true,"href":"https:\/\/kneipp-verein-bitz.de\/index.php?rest_route=%2Fwp%2Fv2%2Fcomments&post=148"}],"version-history":[{"count":25,"href":"https:\/\/kneipp-verein-bitz.de\/index.php?rest_route=\/wp\/v2\/pages\/148\/revisions"}],"predecessor-version":[{"id":979,"href":"https:\/\/kneipp-verein-bitz.de\/index.php?rest_route=\/wp\/v2\/pages\/148\/revisions\/979"}],"wp:attachment":[{"href":"https:\/\/kneipp-verein-bitz.de\/index.php?rest_route=%2Fwp%2Fv2%2Fmedia&parent=148"}],"curies":[{"name":"wp","href":"https:\/\/api.w.org\/{rel}","templated":true}]}}