{"id":1374,"date":"2023-12-11T01:06:24","date_gmt":"2023-12-11T00:06:24","guid":{"rendered":"https:\/\/kneipp-verein-bitz.de\/?page_id=1374"},"modified":"2025-10-27T16:19:46","modified_gmt":"2025-10-27T15:19:46","slug":"elementor-1374","status":"publish","type":"page","link":"https:\/\/kneipp-verein-bitz.de\/?page_id=1374","title":{"rendered":"Bewegung"},"content":{"rendered":"\t\t<div data-elementor-type=\"wp-page\" data-elementor-id=\"1374\" class=\"elementor elementor-1374\">\n\t\t\t\t\t\t\t\t\t<section class=\"elementor-section elementor-top-section elementor-element elementor-element-c867595 elementor-section-boxed elementor-section-height-default elementor-section-height-default\" data-id=\"c867595\" data-element_type=\"section\">\n\t\t\t\t\t\t<div class=\"elementor-container elementor-column-gap-default\">\n\t\t\t\t\t<div class=\"elementor-column elementor-col-100 elementor-top-column elementor-element elementor-element-d48b3ed\" data-id=\"d48b3ed\" data-element_type=\"column\">\n\t\t\t<div class=\"elementor-widget-wrap elementor-element-populated\">\n\t\t\t\t\t\t\t\t<div class=\"elementor-element elementor-element-b8ef9a7 elementor-widget elementor-widget-heading\" data-id=\"b8ef9a7\" data-element_type=\"widget\" data-widget_type=\"heading.default\">\n\t\t\t\t<div class=\"elementor-widget-container\">\n\t\t\t<h2 class=\"elementor-heading-title elementor-size-default\">Bewegung<\/h2>\t\t<\/div>\n\t\t\t\t<\/div>\n\t\t\t\t\t<\/div>\n\t\t<\/div>\n\t\t\t\t\t\t\t<\/div>\n\t\t<\/section>\n\t\t\t\t<section class=\"elementor-section elementor-top-section elementor-element elementor-element-c365942 elementor-section-boxed elementor-section-height-default elementor-section-height-default\" data-id=\"c365942\" data-element_type=\"section\">\n\t\t\t\t\t\t<div class=\"elementor-container elementor-column-gap-default\">\n\t\t\t\t\t<div class=\"elementor-column elementor-col-100 elementor-top-column elementor-element elementor-element-dfabe34\" data-id=\"dfabe34\" data-element_type=\"column\">\n\t\t\t<div class=\"elementor-widget-wrap elementor-element-populated\">\n\t\t\t\t\t\t\t\t<div class=\"elementor-element elementor-element-5dd3199 elementor-widget elementor-widget-text-editor\" data-id=\"5dd3199\" data-element_type=\"widget\" data-widget_type=\"text-editor.default\">\n\t\t\t\t<div class=\"elementor-widget-container\">\n\t\t\t\t\t\t\t<p><b><u><img fetchpriority=\"high\" decoding=\"async\" class=\"size-medium wp-image-422 alignleft\" src=\"https:\/\/kneipp-verein-bitz.de\/wp-content\/uploads\/2019\/02\/IMG_20190226_085623-259x300.jpg\" alt=\"\" width=\"259\" height=\"300\" srcset=\"https:\/\/kneipp-verein-bitz.de\/wp-content\/uploads\/2019\/02\/IMG_20190226_085623-259x300.jpg 259w, https:\/\/kneipp-verein-bitz.de\/wp-content\/uploads\/2019\/02\/IMG_20190226_085623-768x888.jpg 768w, https:\/\/kneipp-verein-bitz.de\/wp-content\/uploads\/2019\/02\/IMG_20190226_085623-886x1024.jpg 886w, https:\/\/kneipp-verein-bitz.de\/wp-content\/uploads\/2019\/02\/IMG_20190226_085623-130x150.jpg 130w\" sizes=\"(max-width: 259px) 100vw, 259px\" \/>Yog<\/u><\/b><u><b>a mit Elke Thiel<\/b><\/u><\/p><p><b>Waldbaden am Morgen von 9:00 bis 10:00 Uhr<\/b><br \/><b>Abendskurs\u00a0 19:00 bis 20:00 Uhr<\/b><\/p><p><b>10er Block f\u00fcr Vereinsmitglieder 40,0<\/b><b>0 \u20ac \/ G\u00e4ste des Vereins 55,00 \u20ac<\/b><\/p><p>\u00a0<\/p>\t\t\t\t\t\t<\/div>\n\t\t\t\t<\/div>\n\t\t\t\t\t<\/div>\n\t\t<\/div>\n\t\t\t\t\t\t\t<\/div>\n\t\t<\/section>\n\t\t\t\t<section class=\"elementor-section elementor-top-section elementor-element elementor-element-4dfa8ff elementor-section-boxed elementor-section-height-default elementor-section-height-default\" data-id=\"4dfa8ff\" data-element_type=\"section\">\n\t\t\t\t\t\t<div class=\"elementor-container elementor-column-gap-default\">\n\t\t\t\t\t<div class=\"elementor-column elementor-col-100 elementor-top-column elementor-element elementor-element-33c69a7\" data-id=\"33c69a7\" data-element_type=\"column\">\n\t\t\t<div class=\"elementor-widget-wrap elementor-element-populated\">\n\t\t\t\t\t\t\t\t<div class=\"elementor-element elementor-element-4515314 elementor-widget elementor-widget-text-editor\" data-id=\"4515314\" data-element_type=\"widget\" data-widget_type=\"text-editor.default\">\n\t\t\t\t<div class=\"elementor-widget-container\">\n\t\t\t\t\t\t\t<p><b><u> <img decoding=\"async\" class=\"alignleft wp-image-1438\" src=\"https:\/\/kneipp-verein-bitz.de\/wp-content\/uploads\/2024\/10\/IMG-20240226-WA0012.jpg\" alt=\"\" width=\"300\" height=\"400\" \/><\/u><\/b><\/p><p><b><u>Nordic &#8211; Walking &#8211; Enjoy Treff mit Hannelore Lorch<\/u><\/b><\/p><p><b style=\"color: var( --e-global-color-text ); text-align: inherit;\">jeden Donnerstag 15:00 Uhr<\/b><\/p><p><b>Treffpunkt: Parkplatz &#8222;neue H\u00fclb&#8220; in Bitz (gegen\u00fcber Netto Parkplatz)<br \/><\/b><b style=\"text-align: inherit;\">\u00a0 \u00a0 \u00a0 \u00a0 \u00a0 \u00a0 \u00a0 \u00a0 \u00a0 \u00a0 \u00a0 Interessenten sind unabh\u00e4ngig von Alter und Fitnesslevel herzlich willkommen. <br \/>\u00a0 \u00a0 \u00a0 \u00a0 \u00a0 \u00a0 \u00a0 \u00a0 \u00a0 \u00a0 \u00a0 Bitte vorab unter 0151-17679837 melden.<br \/><br \/>Jeder Treff beginnt mit einem Warm-up und endet mit Dehn\u00fcbungen.<\/b><b><\/b><\/p><p><b>Bei dem gemeinsamen Walking werden Achtsamkeits\u00fcbungen mit integriert sein, welche dem K\u00f6rper, Geist und Seele gut tun. Au\u00dferdem erlernt ihr im Laufe der Zeit die richtige Technik, die sich sehr effektiv auf den gesamten Stoffwechsel auswirkt.<\/b><\/p><p><b>Mitzubringen sind geeignetes Schuhwerk, Walking St\u00f6cke (falls vorhanden) , Wetter angepasste Kleidung und gute Laune \ud83d\ude42\u00a0\u00a0<\/b><\/p><p><b style=\"color: var( --e-global-color-text ); text-align: inherit;\">Vereinsmitglieder frei!!!!\u00a0\u00a0<\/b><b style=\"color: var( --e-global-color-text ); text-align: inherit;\">G\u00e4ste des Vereins zahlen pro Treff 7,- \u20ac.\u00a0\u00a0<\/b><\/p>\t\t\t\t\t\t<\/div>\n\t\t\t\t<\/div>\n\t\t\t\t\t<\/div>\n\t\t<\/div>\n\t\t\t\t\t\t\t<\/div>\n\t\t<\/section>\n\t\t\t\t\t\t\t<\/div>\n\t\t","protected":false},"excerpt":{"rendered":"<p>Bewegung Yoga mit Elke Thiel Waldbaden am Morgen von 9:00 bis 10:00 UhrAbendskurs\u00a0 19:00 bis 20:00 Uhr 10er Block f\u00fcr Vereinsmitglieder 40,00 \u20ac \/ G\u00e4ste des Vereins 55,00 \u20ac \u00a0 Nordic &#8211; Walking &#8211; Enjoy Treff mit Hannelore Lorch jeden Donnerstag 15:00 Uhr Treffpunkt: Parkplatz &#8222;neue H\u00fclb&#8220; in Bitz (gegen\u00fcber&#8230;<\/p>\n<p> <a class=\"continue-reading-link\" href=\"https:\/\/kneipp-verein-bitz.de\/?page_id=1374\"><span>Continue reading<\/span><i class=\"crycon-right-dir\"><\/i><\/a> <\/p>\n","protected":false},"author":1,"featured_media":0,"parent":0,"menu_order":0,"comment_status":"closed","ping_status":"closed","template":"","meta":{"footnotes":""},"_links":{"self":[{"href":"https:\/\/kneipp-verein-bitz.de\/index.php?rest_route=\/wp\/v2\/pages\/1374"}],"collection":[{"href":"https:\/\/kneipp-verein-bitz.de\/index.php?rest_route=\/wp\/v2\/pages"}],"about":[{"href":"https:\/\/kneipp-verein-bitz.de\/index.php?rest_route=\/wp\/v2\/types\/page"}],"author":[{"embeddable":true,"href":"https:\/\/kneipp-verein-bitz.de\/index.php?rest_route=\/wp\/v2\/users\/1"}],"replies":[{"embeddable":true,"href":"https:\/\/kneipp-verein-bitz.de\/index.php?rest_route=%2Fwp%2Fv2%2Fcomments&post=1374"}],"version-history":[{"count":57,"href":"https:\/\/kneipp-verein-bitz.de\/index.php?rest_route=\/wp\/v2\/pages\/1374\/revisions"}],"predecessor-version":[{"id":1522,"href":"https:\/\/kneipp-verein-bitz.de\/index.php?rest_route=\/wp\/v2\/pages\/1374\/revisions\/1522"}],"wp:attachment":[{"href":"https:\/\/kneipp-verein-bitz.de\/index.php?rest_route=%2Fwp%2Fv2%2Fmedia&parent=1374"}],"curies":[{"name":"wp","href":"https:\/\/api.w.org\/{rel}","templated":true}]}}